{"id":337,"date":"2015-03-24T13:58:49","date_gmt":"2015-03-24T19:58:49","guid":{"rendered":"https:\/\/ciescanada.ca\/?page_id=337"},"modified":"2020-06-14T18:44:12","modified_gmt":"2020-06-14T22:44:12","slug":"prix-et-subventions","status":"publish","type":"page","link":"https:\/\/ciescanada.ca\/fr\/prix-et-subventions\/","title":{"rendered":"Prix et Subventions"},"content":{"rendered":"<p>[et_pb_section fb_built=\u00a0\u00bb1&Prime; _builder_version=\u00a0\u00bb3.22&Prime;][et_pb_row _builder_version=\u00a0\u00bb3.25&Prime; background_size=\u00a0\u00bbinitial\u00a0\u00bb background_position=\u00a0\u00bbtop_left\u00a0\u00bb background_repeat=\u00a0\u00bbrepeat\u00a0\u00bb][et_pb_column type=\u00a0\u00bb4_4&Prime; _builder_version=\u00a0\u00bb3.25&Prime; custom_padding=\u00a0\u00bb|||\u00a0\u00bb custom_padding__hover=\u00a0\u00bb|||\u00a0\u00bb][et_pb_text _builder_version=\u00a0\u00bb3.27.4&Prime; z_index_tablet=\u00a0\u00bb500&Prime;]<\/p>\n<div class='one_half'>\n\t\t\t\t\t<h4>Subvention de voyage pour conf\u00e9rence<\/h4>\n<p>Nous pouvons vous aider \u00e0 participer et obtenir des experiments \u00fbtiles pendant le voyage. Trouvez l&rsquo;application <a href=\"https:\/\/ciescanada.ca\/wp-content\/uploads\/2019\/05\/CIESC_SCECI_Conference_Travel_Grant_2019.docx\" target=\"_blank\" rel=\"noopener noreferrer\">ici<\/a>.\n\t\t\t\t<\/div> <div class='one_half et_column_last'>\n\t\t\t\t\t<h4>Dipl\u00f4m\u00e9 Subvention de Voyage\u00a0de Conf\u00e9rence<\/h4>\n<p>Nous voulons vous aider participer et obtenir des experiments \u00fbtiles pendant le voyage. Trouvez l&rsquo;application <a href=\"https:\/\/ciescanada.ca\/wp-content\/uploads\/2019\/05\/CIESC_SCECI_Conference_Travel_Grant_2019.docx\" target=\"_blank\" rel=\"noopener noreferrer\">ici<\/a>.\n\t\t\t\t<\/div><div class='clear'><\/div><\/p>\n<p>&nbsp;<\/p>\n<div class='one_third'>\n\t\t\t\t\t<h4>Prix David N. Wilson<\/h4>\n<p>Reconna\u00eet longtemps service distingu\u00e9 dans le domaine de l&rsquo;\u00e9ducation compar\u00e9e et internationale. Trouvez l&rsquo;application <a href=\"https:\/\/ciescanada.ca\/wp-content\/uploads\/2020\/01\/David_Wilson_2020.pdf\" target=\"_blank\" rel=\"noopener noreferrer\">ici<\/a>.\n\t\t\t\t<\/div> <div class='one_third'>\n\t\t\t\t\t<h4>Prix Douglas Ray<\/h4>\n<p>Reconna\u00eet un document exceptionnel pr\u00e9sent\u00e9 par un \u00e9tudiant dipl\u00f4m\u00e9 \u00e0 la conf\u00e9rence annuelle. Trouvez l&rsquo;application <a href=\"https:\/\/ciescanada.ca\/wp-content\/uploads\/2020\/06\/Douglas-Ray-2021-Fr.pdf\" target=\"_blank\" rel=\"noopener noreferrer\">ici<\/a>.\n\t\t\t\t<\/div> <div class='one_third et_column_last'>\n\t\t\t\t\t<h4>Prix Michael Laferri\u00e8re<\/h4>\n<p>Reconna\u00eet \u00e9tudes de recherche exceptionnelles pr\u00e9sent\u00e9es dans le respect des exigences de ma\u00eetrise ou de doctorat. Trouvez l&rsquo;application <a href=\"https:\/\/ciescanada.ca\/wp-content\/uploads\/2020\/01\/Michel_Laferriere_2020.pdf\" target=\"_blank\" rel=\"noopener noreferrer\">ici<\/a>.\n\t\t\t\t<\/div><div class='clear'><\/div><\/p>\n<p>[\/et_pb_text][\/et_pb_column][\/et_pb_row][et_pb_row _builder_version=\u00a0\u00bb3.25&Prime; background_size=\u00a0\u00bbinitial\u00a0\u00bb background_position=\u00a0\u00bbtop_left\u00a0\u00bb background_repeat=\u00a0\u00bbrepeat\u00a0\u00bb][et_pb_column type=\u00a0\u00bb4_4&Prime; _builder_version=\u00a0\u00bb3.25&Prime; custom_padding=\u00a0\u00bb|||\u00a0\u00bb custom_padding__hover=\u00a0\u00bb|||\u00a0\u00bb][et_pb_text _builder_version=\u00a0\u00bb4.4.7&Prime; z_index_tablet=\u00a0\u00bb500&Prime;]<\/p>\n<table width=\"auto\">\n<tbody>\n<tr>\n<td width=\"auto\"><strong>Ann\u00e9e<\/strong><\/td>\n<td width=\"auto\"><strong>David N. Wilson<\/strong><\/td>\n<td width=\"auto\"><strong>Douglas Ray<\/strong><\/td>\n<td width=\"auto\"><strong>Michel Laferri\u00e8re Doctoral<\/strong><\/td>\n<td width=\"auto\"><strong>Michel Laferri\u00e8re Masters<\/strong><\/td>\n<\/tr>\n<tr>\n<td width=\"auto\">2020<\/td>\n<td width=\"auto\">Marianne Larsen<\/td>\n<td width=\"auto\">Rabia G. Mir<\/td>\n<td width=\"auto\">Amira El Masri<\/td>\n<td width=\"auto\">Ian Alexander<\/td>\n<\/tr>\n<tr>\n<td width=\"auto\">2019<\/td>\n<td width=\"auto\">Ruth Hayhoe<\/td>\n<td width=\"auto\">Carrie Karsgaard<\/td>\n<td width=\"auto\">Le Chen<\/td>\n<td width=\"auto\">Camila de Campos Miranda, Ling Lei<\/td>\n<\/tr>\n<tr>\n<td width=\"auto\">2018<\/td>\n<td style=\"text-align: center;\" width=\"auto\">&#8211;<\/td>\n<td width=\"auto\">Le Chen<\/td>\n<td width=\"auto\">Catherine Vanner<\/td>\n<td style=\"text-align: center;\" width=\"auto\">&#8211;<\/td>\n<\/tr>\n<tr>\n<td width=\"auto\">2017<\/td>\n<td width=\"auto\">\n<p>Ratna Ghosh,<\/p>\n<p>Allan Pitman<\/p>\n<\/td>\n<td style=\"text-align: center;\" width=\"auto\">&#8211;<\/td>\n<td width=\"auto\">Jeong-Ja Kang<\/td>\n<td width=\"auto\">Chrystal Lynch<\/td>\n<\/tr>\n<tr>\n<td width=\"auto\">2016<\/td>\n<td style=\"text-align: center;\" width=\"auto\">&#8211;<\/td>\n<td width=\"auto\">Bailing Zhang<\/td>\n<td width=\"auto\">Mira Gambhir<\/td>\n<td style=\"text-align: center;\" width=\"auto\">&#8211;<\/td>\n<\/tr>\n<tr>\n<td width=\"auto\">2015<\/td>\n<td width=\"auto\">Cecile DePass<\/td>\n<td width=\"auto\">Mohamad Ayoub<\/td>\n<td width=\"auto\">Malini Sivasubramaniam<\/td>\n<td width=\"auto\">Minha Ha<\/td>\n<\/tr>\n<tr>\n<td width=\"auto\">2014<\/td>\n<td style=\"text-align: center;\" width=\"auto\">&#8211;<\/td>\n<td style=\"text-align: center;\" width=\"auto\">&#8211;<\/td>\n<td style=\"text-align: center;\" width=\"auto\">&#8211;<\/td>\n<td style=\"text-align: center;\" width=\"auto\">&#8211;<\/td>\n<\/tr>\n<tr>\n<td width=\"auto\">2013<\/td>\n<td width=\"auto\">Suzanne Majhanovich<\/td>\n<td width=\"auto\">Karen Pashby<\/td>\n<td style=\"text-align: center;\" width=\"auto\">&#8211;<\/td>\n<td style=\"text-align: center;\" width=\"auto\">&#8211;<\/td>\n<\/tr>\n<tr>\n<td width=\"auto\">2012<\/td>\n<td style=\"text-align: center;\" width=\"auto\">&#8211;<\/td>\n<td style=\"text-align: center;\" width=\"auto\">&#8211;<\/td>\n<td style=\"text-align: center;\" width=\"auto\">&#8211;<\/td>\n<td style=\"text-align: center;\" width=\"auto\">&#8211;<\/td>\n<\/tr>\n<tr>\n<td width=\"auto\">2011<\/td>\n<td width=\"auto\">Vandra Masemann<\/td>\n<td style=\"text-align: center;\" width=\"auto\">&#8211;<\/td>\n<td style=\"text-align: center;\" width=\"auto\">&#8211;<\/td>\n<td style=\"text-align: center;\" width=\"auto\">&#8211;<\/td>\n<\/tr>\n<\/tbody>\n<\/table>\n<p>[\/et_pb_text][\/et_pb_column][\/et_pb_row][\/et_pb_section]<\/p>\n","protected":false},"excerpt":{"rendered":"<p><div class='one_half'>\n\t\t\t\t\tSubvention de voyage pour conf\u00e9rence Nous pouvons vous aider \u00e0 participer et obtenir des experiments \u00fbtiles pendant le voyage. Trouvez l&rsquo;application ici.\n\t\t\t\t<\/div> <div class='one_half et_column_last'>\n\t\t\t\t\tDipl\u00f4m\u00e9 Subvention de Voyage\u00a0de Conf\u00e9rence Nous voulons vous aider participer et obtenir des experiments \u00fbtiles pendant le voyage. Trouvez l&rsquo;application ici.\n\t\t\t\t<\/div><div class='clear'><\/div> &nbsp; <div class='one_third'>\n\t\t\t\t\t\n\t\t\t\t<\/div> Prix David N. Wilson Reconna\u00eet longtemps service [&hellip;]<\/p>\n","protected":false},"author":2,"featured_media":0,"parent":0,"menu_order":46,"comment_status":"closed","ping_status":"closed","template":"","meta":{"_et_pb_use_builder":"on","_et_pb_old_content":"","_et_gb_content_width":"","footnotes":""},"class_list":["post-337","page","type-page","status-publish","hentry"],"_links":{"self":[{"href":"https:\/\/ciescanada.ca\/fr\/wp-json\/wp\/v2\/pages\/337","targetHints":{"allow":["GET"]}}],"collection":[{"href":"https:\/\/ciescanada.ca\/fr\/wp-json\/wp\/v2\/pages"}],"about":[{"href":"https:\/\/ciescanada.ca\/fr\/wp-json\/wp\/v2\/types\/page"}],"author":[{"embeddable":true,"href":"https:\/\/ciescanada.ca\/fr\/wp-json\/wp\/v2\/users\/2"}],"replies":[{"embeddable":true,"href":"https:\/\/ciescanada.ca\/fr\/wp-json\/wp\/v2\/comments?post=337"}],"version-history":[{"count":10,"href":"https:\/\/ciescanada.ca\/fr\/wp-json\/wp\/v2\/pages\/337\/revisions"}],"predecessor-version":[{"id":1780,"href":"https:\/\/ciescanada.ca\/fr\/wp-json\/wp\/v2\/pages\/337\/revisions\/1780"}],"wp:attachment":[{"href":"https:\/\/ciescanada.ca\/fr\/wp-json\/wp\/v2\/media?parent=337"}],"curies":[{"name":"wp","href":"https:\/\/api.w.org\/{rel}","templated":true}]}}