{"id":342,"date":"2015-03-24T14:23:32","date_gmt":"2015-03-24T20:23:32","guid":{"rendered":"https:\/\/ciescanada.ca\/?page_id=342"},"modified":"2020-02-26T16:15:02","modified_gmt":"2020-02-26T21:15:02","slug":"adhesion","status":"publish","type":"page","link":"https:\/\/ciescanada.ca\/fr\/adhesion\/","title":{"rendered":"Adh\u00e9sion"},"content":{"rendered":"<p>[et_pb_section fb_built=\u00a0\u00bb1&Prime; admin_label=\u00a0\u00bbsection\u00a0\u00bb _builder_version=\u00a0\u00bb3.22&Prime;][et_pb_row admin_label=\u00a0\u00bbrow\u00a0\u00bb _builder_version=\u00a0\u00bb4.0.11&Prime; background_size=\u00a0\u00bbinitial\u00a0\u00bb background_position=\u00a0\u00bbtop_left\u00a0\u00bb background_repeat=\u00a0\u00bbrepeat\u00a0\u00bb custom_margin=\u00a0\u00bb||||false|false\u00a0\u00bb][et_pb_column type=\u00a0\u00bb4_4&Prime; _builder_version=\u00a0\u00bb3.25&Prime; custom_padding=\u00a0\u00bb|||\u00a0\u00bb custom_padding__hover=\u00a0\u00bb|||\u00a0\u00bb][et_pb_text admin_label=\u00a0\u00bbText\u00a0\u00bb _builder_version=\u00a0\u00bb4.0.11&Prime; background_size=\u00a0\u00bbinitial\u00a0\u00bb background_position=\u00a0\u00bbtop_left\u00a0\u00bb background_repeat=\u00a0\u00bbrepeat\u00a0\u00bb hover_enabled=\u00a0\u00bb0&Prime;]<\/p>\n<p><strong>Qui sommes-nous?<\/strong><\/p>\n<p>La Soci\u00e9t\u00e9 canadienne d\u2019\u00e9ducation compar\u00e9e et internationale (CIESC \/ SC\u00c9CI) a \u00e9t\u00e9 cr\u00e9\u00e9e en 1967. L\u2019objectif de notre soci\u00e9t\u00e9 est d\u2019encourager et de promouvoir les \u00e9tudes comparatives et internationales en \u00e9ducation canadienne. Nous faisons \u00e9galement partie d&rsquo;une soci\u00e9t\u00e9 internationale encore plus vaste qui cherche \u00e0 relier tous types d&rsquo;\u00e9ducation \u00e0 travers d&rsquo;un groupe cibl\u00e9.<\/p>\n<p><strong>Que faisons-nous?<\/strong><\/p>\n<p>\u2022 Promouvoir et am\u00e9liorer l&rsquo;enseignement de l&rsquo;\u00e9ducation compar\u00e9e aux \u00e9tablissements d&rsquo;enseignement de niveau sup\u00e9rieur<br \/>\u2022 Stimuler les recherches<br \/>\u2022 Faciliter la publication et la diffusion d\u2019\u00e9tudes comparatives en \u00e9ducation<br \/>\u2022 Faire s\u2019int\u00e9resser aux professeurs et aux enseignant(e)s d&rsquo;autres disciplines aux dimensions comparatives et internationales de leur travail<br \/>\u2022 Encourager les \u00e9ducatrices et les \u00e9ducateurs \u00e0 visiter des \u00e9tablissements et des syst\u00e8mes d\u2019enseignement \u00e0 travers le monde<br \/>\u2022 Coop\u00e9rer avec ceux d&rsquo;autres disciplines qui tentent d&rsquo;interpr\u00e9ter les d\u00e9veloppements de l&rsquo;\u00e9ducation dans un contexte culturel large<br \/>\u2022 Organiser des conf\u00e9rences et des r\u00e9unions<br \/>\u2022 Coop\u00e9rer avec la Soci\u00e9t\u00e9 d&rsquo;\u00e9ducation compar\u00e9e et internationale et avec des agences gouvernementales et priv\u00e9es afin de promouvoir des objectifs communs<br \/>\u2022 Coop\u00e9rer avec d&rsquo;autres soci\u00e9t\u00e9s d&rsquo;\u00e9ducation canadiennes pour poursuivre des objectifs communs<\/p>\n<p><strong>Notre Adh\u00e9sion<\/strong><\/p>\n<p>Nous sommes une organisation nationale bilingue et un membre fondateur de la Soci\u00e9t\u00e9 canadienne pour l&rsquo;\u00e9tude de l&rsquo;\u00e9ducation (CSSE). Nos membres sont des enseignant(e)s, des chercheuses et des chercheurs et des \u00e9tudiant(e)s dipl\u00f4m\u00e9(e)s en \u00e9ducation compar\u00e9e, en \u00e9ducation internationale, en \u00e9ducation au d\u00e9veloppement, en \u00e9ducation autochtone, en \u00e9ducation interculturelle et aux domaines connexes. Nos membres comprennent \u00e9galement des personnes qui travaillent pour des agences gouvernementales et non gouvernementales et des organisations qui s\u2019occupent aux \u00e9tudes des domaines susmentionn\u00e9s.<\/p>\n<p><strong>Avantages principaux de l&rsquo;adh\u00e9sion<\/strong><\/p>\n<p>\u2022 Assister et participer \u00e0 notre conf\u00e9rence annuelle au congr\u00e8s<br \/>\u2022 S&rsquo;engager avec des universitaires sur le terrain par le biais de r\u00e9seaux et de collaborations professionnelles<br \/>\u2022 L\u2019affiliation professionnelle avec une soci\u00e9t\u00e9 acad\u00e9mique, qui peut \u00eatre list\u00e9e \u00e0 votre CV acad\u00e9mique<br \/>\u2022 Inscrivez-vous \u00e0 notre liste de diffusion et recevez nos bulletins d\u2019information, qui proposent un appel \u00e0 publication, des offres d\u2019emploi universitaires et de l\u2019information sur ce qui se passe dans le domaine de l\u2019\u00e9ducation compar\u00e9e et internationale au Canada et \u00e0 l\u2019\u00e9trange<br \/>\u2022 La repr\u00e9sentation aupr\u00e8s de nombreux groupes nationaux et des liens avec les d\u00e9cideurs gr\u00e2ce \u00e0 l\u2019engagement de l\u2019association aupr\u00e8s du Conseil mondial de la soci\u00e9t\u00e9 d\u2019\u00e9ducation compar\u00e9e (WCCES)<br \/>\u2022 L\u2019abonnement gratuit et des possibilit\u00e9s de publication avec le journal bilingue officiel de l\u2019association \u00ab Comparative and International Education \u00bb \/ L\u2019\u00c9ducation compar\u00e9e et internationale<br \/>\u2022 Un rabat \u00e0 25 % pour l\u2019abonnement \u00e0 d&rsquo;autres revues de la SC\u00c9\u00c9 (voir la liste des revues<br \/>http:\/\/csse-scee.ca\/wp-content\/uploads\/2017\/03\/csse_2013_otherjournals.pdf )<br \/>\u2022 L\u2019acc\u00e8s aux bulletins de la SC\u00c9\u00c9 et de la SC\u00c9CI<br \/>\u2022 L&rsquo;affiliation \u00e0 la F\u00e9d\u00e9ration canadienne des sciences humaines<br \/>\u2022 Des possibilit\u00e9s de postuler aux prix du CIESC-SC\u00c9CI pour la recherche et les services<br \/>distingu\u00e9s : le prix David Wilson, le prix Douglas Ray et le prix de recherche Michel Laferri\u00e8re<br \/>\u2022 Les \u00e9tudiant(e)s des cycles sup\u00e9rieurs ont acc\u00e8s \u00e0 notre subvention annuelle de voyage pour des conf\u00e9rences sup\u00e9rieures<\/p>\n<p><strong>Comment s&rsquo;inscrire?<\/strong><\/p>\n<p>Lorsque vous adh\u00e9rez au CIESC-SC\u00c9CI, vous devez adh\u00e9rer \u00e0 la CSSE-SC\u00c9\u00c9 en m\u00eame temps.<br \/>Voir ci-dessous les taux d&rsquo;adh\u00e9sion individuels annuels de la SC\u00c9\u00c9 :<br \/>Cat\u00e9gories d\u2019adh\u00e9sion\u00a0\u00a0\u00a0\u00a0\u00a0\u00a0\u00a0\u00a0 Tarif \u00e0 1 an<br \/>R\u00e9guli\u00e8re\u00a0\u00a0\u00a0\u00a0\u00a0\u00a0\u00a0\u00a0\u00a0\u00a0\u00a0\u00a0\u00a0\u00a0\u00a0\u00a0\u00a0\u00a0\u00a0\u00a0\u00a0\u00a0\u00a0\u00a0\u00a0\u00a0\u00a0\u00a0\u00a0\u00a0 120 $<br \/>\u00c9tudiant(e) \/ Faible revenu 50 $<br \/>Retrait\u00e9(e) \u00a0 \u00a0 \u00a0 \u00a0 \u00a0 \u00a0 \u00a0 \u00a0 \u00a0 \u00a0 \u00a0 \u00a0 \u00a0 \u00a0\u00a0 60 $<br \/>Internationale \u00a0 \u00a0 \u00a0 \u00a0 \u00a0 \u00a0 \u00a0 \u00a0 \u00a0 \u00a0 \u00a0 72 $<\/p>\n<p>En plus des frais d&rsquo;adh\u00e9sion \u00e0 la CSSE-SC\u00c9\u00c9, les frais d&rsquo;adh\u00e9sion annuels du CIESC-SC\u00c9CI sont de 40 $ pour les membres r\u00e9guliers et internationaux et de 20 $ pour les membres \u00e9tudiant(e)s \/ retrait\u00e9(e)s \/ \u00e0 faible revenu. Pour vous inscrire, veuillez visiter :<br \/><a href=\"https:\/\/www.assocsrv.ca\/csse\/index.asp?LANG=F\" target=\"_blank\" rel=\"noopener noreferrer\">https:\/\/www.assocsrv.ca\/csse\/index.asp?LANG=F<\/a><\/p>\n<p>[\/et_pb_text][\/et_pb_column][\/et_pb_row][\/et_pb_section]<\/p>\n","protected":false},"excerpt":{"rendered":"<p>Qui sommes-nous? La Soci\u00e9t\u00e9 canadienne d\u2019\u00e9ducation compar\u00e9e et internationale (CIESC \/ SC\u00c9CI) a \u00e9t\u00e9 cr\u00e9\u00e9e en 1967. L\u2019objectif de notre soci\u00e9t\u00e9 est d\u2019encourager et de promouvoir les \u00e9tudes comparatives et internationales en \u00e9ducation canadienne. Nous faisons \u00e9galement partie d&rsquo;une soci\u00e9t\u00e9 internationale encore plus vaste qui cherche \u00e0 relier tous types d&rsquo;\u00e9ducation \u00e0 travers d&rsquo;un groupe [&hellip;]<\/p>\n","protected":false},"author":2,"featured_media":0,"parent":0,"menu_order":40,"comment_status":"closed","ping_status":"closed","template":"","meta":{"_et_pb_use_builder":"on","_et_pb_old_content":"Membres sont \u00e9galement tenus d'adh\u00e9rer et de payer les frais d'adh\u00e9sion pour au moins une association constituante. Tarifs r\u00e9guliers pour les associations constitutives varient de 10 $ \u00e0 39 $, avec des taux r\u00e9duits pour les \u00e9tudiants \/ membres \/ retrait\u00e9s \u00e0 faible revenu. Les d\u00e9tails sont disponibles sur le site-web des services aux membres.\r\n","_et_gb_content_width":"","footnotes":""},"class_list":["post-342","page","type-page","status-publish","hentry"],"_links":{"self":[{"href":"https:\/\/ciescanada.ca\/fr\/wp-json\/wp\/v2\/pages\/342","targetHints":{"allow":["GET"]}}],"collection":[{"href":"https:\/\/ciescanada.ca\/fr\/wp-json\/wp\/v2\/pages"}],"about":[{"href":"https:\/\/ciescanada.ca\/fr\/wp-json\/wp\/v2\/types\/page"}],"author":[{"embeddable":true,"href":"https:\/\/ciescanada.ca\/fr\/wp-json\/wp\/v2\/users\/2"}],"replies":[{"embeddable":true,"href":"https:\/\/ciescanada.ca\/fr\/wp-json\/wp\/v2\/comments?post=342"}],"version-history":[{"count":9,"href":"https:\/\/ciescanada.ca\/fr\/wp-json\/wp\/v2\/pages\/342\/revisions"}],"predecessor-version":[{"id":1708,"href":"https:\/\/ciescanada.ca\/fr\/wp-json\/wp\/v2\/pages\/342\/revisions\/1708"}],"wp:attachment":[{"href":"https:\/\/ciescanada.ca\/fr\/wp-json\/wp\/v2\/media?parent=342"}],"curies":[{"name":"wp","href":"https:\/\/api.w.org\/{rel}","templated":true}]}}