{"id":423,"date":"2015-03-25T16:33:40","date_gmt":"2015-03-25T22:33:40","guid":{"rendered":"https:\/\/ciescanada.ca\/?page_id=423"},"modified":"2023-03-23T08:48:08","modified_gmt":"2023-03-23T12:48:09","slug":"executif","status":"publish","type":"page","link":"https:\/\/ciescanada.ca\/fr\/executif\/","title":{"rendered":"Ex\u00e9cutif"},"content":{"rendered":"<p>[et_pb_section fb_built=\u00a0\u00bb1&Prime; _builder_version=\u00a0\u00bb4.16&Prime; global_colors_info=\u00a0\u00bb{}\u00a0\u00bb][et_pb_row _builder_version=\u00a0\u00bb4.16&Prime; background_size=\u00a0\u00bbinitial\u00a0\u00bb background_position=\u00a0\u00bbtop_left\u00a0\u00bb background_repeat=\u00a0\u00bbrepeat\u00a0\u00bb global_colors_info=\u00a0\u00bb{}\u00a0\u00bb][et_pb_column type=\u00a0\u00bb4_4&Prime; _builder_version=\u00a0\u00bb4.16&Prime; custom_padding=\u00a0\u00bb|||\u00a0\u00bb global_colors_info=\u00a0\u00bb{}\u00a0\u00bb custom_padding__hover=\u00a0\u00bb|||\u00a0\u00bb][et_pb_divider _builder_version=\u00a0\u00bb4.16&Prime; global_colors_info=\u00a0\u00bb{}\u00a0\u00bb][\/et_pb_divider][\/et_pb_column][\/et_pb_row][et_pb_row column_structure=\u00a0\u00bb1_4,1_4,1_4,1_4&Prime; _builder_version=\u00a0\u00bb4.16&Prime; background_size=\u00a0\u00bbinitial\u00a0\u00bb background_position=\u00a0\u00bbtop_left\u00a0\u00bb background_repeat=\u00a0\u00bbrepeat\u00a0\u00bb global_colors_info=\u00a0\u00bb{}\u00a0\u00bb][et_pb_column type=\u00a0\u00bb1_4&Prime; _builder_version=\u00a0\u00bb4.16&Prime; custom_padding=\u00a0\u00bb|||\u00a0\u00bb global_colors_info=\u00a0\u00bb{}\u00a0\u00bb custom_padding__hover=\u00a0\u00bb|||\u00a0\u00bb][et_pb_image src=\u00a0\u00bbhttps:\/\/ciescanada.ca\/wp-content\/uploads\/2018\/12\/SIDER-Steve.jpg\u00a0\u00bb align_tablet=\u00a0\u00bbcenter\u00a0\u00bb align_phone=\u00a0\u00bb\u00a0\u00bb align_last_edited=\u00a0\u00bbon|desktop\u00a0\u00bb _builder_version=\u00a0\u00bb4.16&Prime; global_colors_info=\u00a0\u00bb{}\u00a0\u00bb][\/et_pb_image][et_pb_text _builder_version=\u00a0\u00bb4.16&Prime; locked=\u00a0\u00bboff\u00a0\u00bb global_colors_info=\u00a0\u00bb{}\u00a0\u00bb]<\/p>\n<h3><strong>Steve Sider<br \/><\/strong><\/h3>\n<p><strong>Wilfrid Laurier University<br \/><\/strong><\/p>\n<p>President &#8211; Pr\u00e9sident<\/p>\n<p>[\/et_pb_text][\/et_pb_column][et_pb_column type=\u00a0\u00bb1_4&Prime; _builder_version=\u00a0\u00bb4.16&Prime; custom_padding=\u00a0\u00bb|||\u00a0\u00bb global_colors_info=\u00a0\u00bb{}\u00a0\u00bb custom_padding__hover=\u00a0\u00bb|||\u00a0\u00bb][et_pb_image src=\u00a0\u00bbhttps:\/\/ciescanada.ca\/wp-content\/uploads\/2019\/09\/melody-167-X-240.jpeg\u00a0\u00bb align_tablet=\u00a0\u00bbcenter\u00a0\u00bb align_phone=\u00a0\u00bb\u00a0\u00bb align_last_edited=\u00a0\u00bbon|desktop\u00a0\u00bb admin_label=\u00a0\u00bbImage\u00a0\u00bb _builder_version=\u00a0\u00bb4.16&Prime; global_colors_info=\u00a0\u00bb{}\u00a0\u00bb][\/et_pb_image][et_pb_text _builder_version=\u00a0\u00bb4.16&Prime; locked=\u00a0\u00bboff\u00a0\u00bb global_colors_info=\u00a0\u00bb{}\u00a0\u00bb]<\/p>\n<h3><b>Melody Viczko<br \/><\/b><\/h3>\n<p><b> <\/b><strong>Western University<br \/><\/strong><\/p>\n<p>Vice President &#8211; Vice-pr\u00e9sident<\/p>\n<p>[\/et_pb_text][\/et_pb_column][et_pb_column type=\u00a0\u00bb1_4&Prime; _builder_version=\u00a0\u00bb4.16&Prime; custom_padding=\u00a0\u00bb|||\u00a0\u00bb global_colors_info=\u00a0\u00bb{}\u00a0\u00bb custom_padding__hover=\u00a0\u00bb|||\u00a0\u00bb][et_pb_image src=\u00a0\u00bbhttps:\/\/ciescanada.ca\/wp-content\/uploads\/2021\/06\/karen-146&#215;300.jpeg\u00a0\u00bb title_text=\u00a0\u00bbkaren\u00a0\u00bb align_tablet=\u00a0\u00bbcenter\u00a0\u00bb align_phone=\u00a0\u00bb\u00a0\u00bb align_last_edited=\u00a0\u00bbon|desktop\u00a0\u00bb _builder_version=\u00a0\u00bb4.19.1&Prime; min_height=\u00a0\u00bb241px\u00a0\u00bb custom_margin=\u00a0\u00bb||10px|||\u00a0\u00bb custom_padding=\u00a0\u00bb|||29px||\u00a0\u00bb global_colors_info=\u00a0\u00bb{}\u00a0\u00bb][\/et_pb_image][et_pb_text _builder_version=\u00a0\u00bb4.19.1&Prime; global_colors_info=\u00a0\u00bb{}\u00a0\u00bb]<\/p>\n<h3><strong>Karen Pashby<br \/><\/strong><\/h3>\n<p><strong>Manchester Metropolitan University<\/strong><\/p>\n<p>Vice-President \/ Vice-pr\u00e9sident<\/p>\n<p>[\/et_pb_text][\/et_pb_column][et_pb_column type=\u00a0\u00bb1_4&Prime; _builder_version=\u00a0\u00bb4.16&Prime; custom_padding=\u00a0\u00bb|||\u00a0\u00bb global_colors_info=\u00a0\u00bb{}\u00a0\u00bb custom_padding__hover=\u00a0\u00bb|||\u00a0\u00bb][et_pb_image src=\u00a0\u00bbhttps:\/\/ciescanada.ca\/wp-content\/uploads\/2018\/12\/Olivia-Zhang-167&#215;240.jpg\u00a0\u00bb title_text=\u00a0\u00bbOlivia Zhang 167&#215;240&Prime; align_tablet=\u00a0\u00bbcenter\u00a0\u00bb align_phone=\u00a0\u00bb\u00a0\u00bb align_last_edited=\u00a0\u00bbon|desktop\u00a0\u00bb _builder_version=\u00a0\u00bb4.19.1&Prime; global_colors_info=\u00a0\u00bb{}\u00a0\u00bb][\/et_pb_image][et_pb_text _builder_version=\u00a0\u00bb4.19.1&Prime; locked=\u00a0\u00bboff\u00a0\u00bb global_colors_info=\u00a0\u00bb{}\u00a0\u00bb]<\/p>\n<h3><strong>Olivia Zhihua Zhang<br \/><\/strong><\/h3>\n<p><strong>Trinity Language Centre<\/strong><\/p>\n<p>Secretary\/Treasurer \u2013 Secr\u00e9taire\/Tr\u00e9sorier<\/p>\n<p>[\/et_pb_text][\/et_pb_column][\/et_pb_row][et_pb_row _builder_version=\u00a0\u00bb4.16&Prime; background_size=\u00a0\u00bbinitial\u00a0\u00bb background_position=\u00a0\u00bbtop_left\u00a0\u00bb background_repeat=\u00a0\u00bbrepeat\u00a0\u00bb global_colors_info=\u00a0\u00bb{}\u00a0\u00bb][et_pb_column type=\u00a0\u00bb4_4&Prime; _builder_version=\u00a0\u00bb4.16&Prime; custom_padding=\u00a0\u00bb|||\u00a0\u00bb global_colors_info=\u00a0\u00bb{}\u00a0\u00bb custom_padding__hover=\u00a0\u00bb|||\u00a0\u00bb][et_pb_divider _builder_version=\u00a0\u00bb4.16&Prime; global_colors_info=\u00a0\u00bb{}\u00a0\u00bb][\/et_pb_divider][\/et_pb_column][\/et_pb_row][et_pb_row column_structure=\u00a0\u00bb1_4,1_4,1_4,1_4&Prime; _builder_version=\u00a0\u00bb4.16&Prime; background_size=\u00a0\u00bbinitial\u00a0\u00bb background_position=\u00a0\u00bbtop_left\u00a0\u00bb background_repeat=\u00a0\u00bbrepeat\u00a0\u00bb global_colors_info=\u00a0\u00bb{}\u00a0\u00bb][et_pb_column type=\u00a0\u00bb1_4&Prime; _builder_version=\u00a0\u00bb4.16&Prime; custom_padding=\u00a0\u00bb|||\u00a0\u00bb global_colors_info=\u00a0\u00bb{}\u00a0\u00bb custom_padding__hover=\u00a0\u00bb|||\u00a0\u00bb][et_pb_image src=\u00a0\u00bbhttps:\/\/ciescanada.ca\/wp-content\/uploads\/2023\/01\/Dan-Cui&#8211;281&#215;300.jpg\u00a0\u00bb title_text=\u00a0\u00bbDan Cui\u00a0\u00bb align_tablet=\u00a0\u00bbcenter\u00a0\u00bb align_phone=\u00a0\u00bb\u00a0\u00bb align_last_edited=\u00a0\u00bbon|desktop\u00a0\u00bb _builder_version=\u00a0\u00bb4.19.1&Prime; global_colors_info=\u00a0\u00bb{}\u00a0\u00bb min_height=\u00a0\u00bb282.3px\u00a0\u00bb][\/et_pb_image][et_pb_text _builder_version=\u00a0\u00bb4.19.1&Prime; global_colors_info=\u00a0\u00bb{}\u00a0\u00bb]<\/p>\n<h3><strong>Dan Cui<\/strong><\/h3>\n<p><strong>Brock University<\/strong><\/p>\n<p>Member at Large \u2013 Membre sans portfeuille<\/p>\n<p>[\/et_pb_text][\/et_pb_column][et_pb_column type=\u00a0\u00bb1_4&Prime; _builder_version=\u00a0\u00bb4.16&Prime; custom_padding=\u00a0\u00bb|||\u00a0\u00bb global_colors_info=\u00a0\u00bb{}\u00a0\u00bb custom_padding__hover=\u00a0\u00bb|||\u00a0\u00bb][et_pb_image src=\u00a0\u00bbhttps:\/\/ciescanada.ca\/wp-content\/uploads\/2023\/03\/Nombuso.jpg\u00a0\u00bb title_text=\u00a0\u00bbNombuso\u00a0\u00bb align_tablet=\u00a0\u00bbcenter\u00a0\u00bb align_phone=\u00a0\u00bb\u00a0\u00bb align_last_edited=\u00a0\u00bbon|desktop\u00a0\u00bb _builder_version=\u00a0\u00bb4.19.5&Prime; width=\u00a0\u00bb98.3%\u00a0\u00bb custom_padding=\u00a0\u00bb|34px|12px|||\u00a0\u00bb hover_enabled=\u00a0\u00bb0&Prime; global_colors_info=\u00a0\u00bb{}\u00a0\u00bb sticky_enabled=\u00a0\u00bb0&Prime; min_height=\u00a0\u00bb221.3px\u00a0\u00bb][\/et_pb_image][et_pb_text _builder_version=\u00a0\u00bb4.19.1&Prime; global_colors_info=\u00a0\u00bb{}\u00a0\u00bb]<\/p>\n<h3><strong>Nombuso Dlamini<\/strong><\/h3>\n<p><strong>York University<\/strong><\/p>\n<p>Member at Large \u2013 Membre sans portfeuille<\/p>\n<p>[\/et_pb_text][\/et_pb_column][et_pb_column type=\u00a0\u00bb1_4&Prime; _builder_version=\u00a0\u00bb4.16&Prime; custom_padding=\u00a0\u00bb|||\u00a0\u00bb global_colors_info=\u00a0\u00bb{}\u00a0\u00bb custom_padding__hover=\u00a0\u00bb|||\u00a0\u00bb][et_pb_image src=\u00a0\u00bbhttps:\/\/ciescanada.ca\/wp-content\/uploads\/2023\/01\/headshot-pic-225&#215;300.jpg\u00a0\u00bb title_text=\u00a0\u00bbHayley\u00a0\u00bb align_tablet=\u00a0\u00bbcenter\u00a0\u00bb align_phone=\u00a0\u00bb\u00a0\u00bb align_last_edited=\u00a0\u00bbon|desktop\u00a0\u00bb _builder_version=\u00a0\u00bb4.19.1&Prime; min_height=\u00a0\u00bb158.7px\u00a0\u00bb global_colors_info=\u00a0\u00bb{}\u00a0\u00bb custom_padding=\u00a0\u00bb||0px|||\u00a0\u00bb][\/et_pb_image][et_pb_text _builder_version=\u00a0\u00bb4.19.1&Prime; min_height=\u00a0\u00bb123.4px\u00a0\u00bb global_colors_info=\u00a0\u00bb{}\u00a0\u00bb]<\/p>\n<h3><strong>Hayley Brooks<\/strong><\/h3>\n<p><strong>OISE, University of Toronto<\/strong><\/p>\n<p>Member-at-Large\/Membre Extraordinaire, Graduate Students Rep\/ Repr\u00e9sentant des \u00e9tudiants dipl\u00f4m\u00e9s<\/p>\n<p>[\/et_pb_text][\/et_pb_column][et_pb_column type=\u00a0\u00bb1_4&Prime; _builder_version=\u00a0\u00bb4.16&Prime; custom_padding=\u00a0\u00bb|||\u00a0\u00bb global_colors_info=\u00a0\u00bb{}\u00a0\u00bb custom_padding__hover=\u00a0\u00bb|||\u00a0\u00bb][et_pb_image src=\u00a0\u00bbhttps:\/\/ciescanada.ca\/wp-content\/uploads\/2021\/02\/Kumari-Beck-Profile-240&#215;300.jpg\u00a0\u00bb title_text=\u00a0\u00bbKumari Beck Profile\u00a0\u00bb align_tablet=\u00a0\u00bbcenter\u00a0\u00bb align_phone=\u00a0\u00bb\u00a0\u00bb align_last_edited=\u00a0\u00bbon|desktop\u00a0\u00bb _builder_version=\u00a0\u00bb4.19.1&Prime; locked=\u00a0\u00bboff\u00a0\u00bb global_colors_info=\u00a0\u00bb{}\u00a0\u00bb][\/et_pb_image][et_pb_text _builder_version=\u00a0\u00bb4.19.1&Prime; locked=\u00a0\u00bboff\u00a0\u00bb global_colors_info=\u00a0\u00bb{}\u00a0\u00bb]<\/p>\n<h3><strong>Kumari Beck<\/strong><\/h3>\n<p><strong>Simon Fraser University<\/strong><\/p>\n<p>Editor (Eng.) CIE Journal\/R\u00e9dactrice de la revue ECI (Anglais)<\/p>\n<p>[\/et_pb_text][\/et_pb_column][\/et_pb_row][et_pb_row _builder_version=\u00a0\u00bb4.16&Prime; background_size=\u00a0\u00bbinitial\u00a0\u00bb background_position=\u00a0\u00bbtop_left\u00a0\u00bb background_repeat=\u00a0\u00bbrepeat\u00a0\u00bb global_colors_info=\u00a0\u00bb{}\u00a0\u00bb][et_pb_column type=\u00a0\u00bb4_4&Prime; _builder_version=\u00a0\u00bb4.16&Prime; custom_padding=\u00a0\u00bb|||\u00a0\u00bb global_colors_info=\u00a0\u00bb{}\u00a0\u00bb custom_padding__hover=\u00a0\u00bb|||\u00a0\u00bb][et_pb_divider _builder_version=\u00a0\u00bb4.16&Prime; global_colors_info=\u00a0\u00bb{}\u00a0\u00bb][\/et_pb_divider][\/et_pb_column][\/et_pb_row][et_pb_row _builder_version=\u00a0\u00bb4.16&Prime; background_size=\u00a0\u00bbinitial\u00a0\u00bb background_position=\u00a0\u00bbtop_left\u00a0\u00bb background_repeat=\u00a0\u00bbrepeat\u00a0\u00bb global_colors_info=\u00a0\u00bb{}\u00a0\u00bb][et_pb_column type=\u00a0\u00bb4_4&Prime; _builder_version=\u00a0\u00bb4.16&Prime; custom_padding=\u00a0\u00bb|||\u00a0\u00bb global_colors_info=\u00a0\u00bb{}\u00a0\u00bb custom_padding__hover=\u00a0\u00bb|||\u00a0\u00bb][et_pb_text _builder_version=\u00a0\u00bb4.16&Prime; global_colors_info=\u00a0\u00bb{}\u00a0\u00bb]<\/p>\n<p style=\"text-align: center\"><em>Nous pleurons la mort d\u2019Helen Harper (2010) et Ottilia Chareka (2011), membres de la SCECI.<\/em><\/p>\n<p>[\/et_pb_text][\/et_pb_column][\/et_pb_row][\/et_pb_section]<\/p>\n","protected":false},"excerpt":{"rendered":"<p>Steve Sider Wilfrid Laurier University President &#8211; Pr\u00e9sidentMelody Viczko Western University Vice President &#8211; Vice-pr\u00e9sidentKaren Pashby Manchester Metropolitan University Vice-President \/ Vice-pr\u00e9sidentOlivia Zhihua Zhang Trinity Language Centre Secretary\/Treasurer \u2013 Secr\u00e9taire\/Tr\u00e9sorierDan Cui Brock University Member at Large \u2013 Membre sans portfeuilleNombuso Dlamini York University Member at Large \u2013 Membre sans portfeuilleHayley Brooks OISE, University of Toronto [&hellip;]<\/p>\n","protected":false},"author":2,"featured_media":0,"parent":0,"menu_order":24,"comment_status":"closed","ping_status":"closed","template":"","meta":{"_et_pb_use_builder":"on","_et_pb_old_content":"<hr \/><p>\u00a0<\/p><p>[one_fourth]<\/p><h3><strong>Shibao Guo<\/strong><\/h3><p><strong>University of\u00a0<\/strong><b>Calgary<\/b><\/p><p>President -<br \/>Pr\u00e9sident<\/p><p>[\/one_fourth]<\/p><p>[one_fourth]<\/p><h3><b>Steve Sider<\/b><\/h3><p><b> <\/b><strong>Wilfrid Laurier University<\/strong><\/p><p>Vice President -<br \/>Vice-pr\u00e9sident<\/p><p>[\/one_fourth]<\/p><p>[one_fourth]<\/p><h3><strong>Grazia (Grace) Scoppio<br \/><\/strong><\/h3><p><strong>Royal Military College of Canada<br \/><\/strong><\/p><p>Secretary\/Treasurer -<br \/>Secr\u00e9taire\/Tr\u00e9sorier<br \/>[\/one_fourth]<\/p><p>[one_fourth_last]<\/p><h3><strong>Kumari Beck<\/strong><\/h3><p><strong> Simon Fraser University<br \/><\/strong><\/p><p>Past President -<br \/>Ancienne pr\u00e9sident<\/p><p>[\/one_fourth_last]<\/p><p>\u00a0<\/p><hr \/><p>\u00a0<\/p><p>[one_fourth]<\/p><h3><strong>Paul Tarc<\/strong><\/h3><p>Western University<\/p><p>Program Chair -<\/p><p>Directrice des programmes<\/p><p>[\/one_fourth]<\/p><p>[one_fourth]<\/p><h3><strong>Jing Xiao<br \/><\/strong><\/h3><p>University of Saskatchewan<strong style=\"color: #666666; font-size: 14px;\"><br \/><\/strong><\/p><p>Member at Large -<br \/>Membre sans portfeuille<\/p><p>[\/one_fourth]<\/p><p>[one_fourth_last]<\/p><h3><strong>Olivia Zhihua Zhang<br \/><\/strong><\/h3><p>Trinity Language Centre<strong><br \/><\/strong><\/p><p>Member at Large -<br \/>Membre sans portfeuille<\/p><p>[\/one_fourth_last]<\/p><p>\u00a0<\/p><hr \/><p>[one_fourth]<\/p><h3><strong>Marcia Kim<br \/><\/strong><\/h3><p><strong>University of Calgary<\/strong><\/p><p>Graduate Student Representative -<br \/>Repr\u00e9sentant \u00e9tudiant<\/p><p>[\/one_fourth]<\/p><p>[one_fourth_last]<\/p><h3><strong>Vanessa Sperduti<br \/><\/strong><\/h3><p><strong>Western University<br \/><\/strong><\/p><p>Graduate Student Representative -<br \/>Repr\u00e9sentant \u00e9tudiant<\/p><p>[\/one_fourth_last]<\/p><p>\u00a0<\/p><p>\u00a0<\/p><hr \/><p>\u00a0<\/p><p style=\"text-align: center;\"><em>We mourn the passing of Helen Harper (2010) and Ottilia Chareka (2011), members of the CIESC.<\/em><\/p>","_et_gb_content_width":"","footnotes":""},"class_list":["post-423","page","type-page","status-publish","hentry"],"_links":{"self":[{"href":"https:\/\/ciescanada.ca\/fr\/wp-json\/wp\/v2\/pages\/423","targetHints":{"allow":["GET"]}}],"collection":[{"href":"https:\/\/ciescanada.ca\/fr\/wp-json\/wp\/v2\/pages"}],"about":[{"href":"https:\/\/ciescanada.ca\/fr\/wp-json\/wp\/v2\/types\/page"}],"author":[{"embeddable":true,"href":"https:\/\/ciescanada.ca\/fr\/wp-json\/wp\/v2\/users\/2"}],"replies":[{"embeddable":true,"href":"https:\/\/ciescanada.ca\/fr\/wp-json\/wp\/v2\/comments?post=423"}],"version-history":[{"count":10,"href":"https:\/\/ciescanada.ca\/fr\/wp-json\/wp\/v2\/pages\/423\/revisions"}],"predecessor-version":[{"id":2232,"href":"https:\/\/ciescanada.ca\/fr\/wp-json\/wp\/v2\/pages\/423\/revisions\/2232"}],"wp:attachment":[{"href":"https:\/\/ciescanada.ca\/fr\/wp-json\/wp\/v2\/media?parent=423"}],"curies":[{"name":"wp","href":"https:\/\/api.w.org\/{rel}","templated":true}]}}