{"id":447,"date":"2015-05-01T12:57:54","date_gmt":"2015-05-01T16:57:54","guid":{"rendered":"https:\/\/ciescanada.ca\/?page_id=447"},"modified":"2020-06-03T10:31:56","modified_gmt":"2020-06-03T14:31:56","slug":"accueil","status":"publish","type":"page","link":"https:\/\/ciescanada.ca\/fr\/","title":{"rendered":"Accueil"},"content":{"rendered":"<p>[et_pb_section admin_label=\u00a0\u00bbsection\u00a0\u00bb fullwidth=\u00a0\u00bbon\u00a0\u00bb specialty=\u00a0\u00bboff\u00a0\u00bb][et_pb_fullwidth_slider admin_label=\u00a0\u00bbFullwidth Slider\u00a0\u00bb show_arrows=\u00a0\u00bbon\u00a0\u00bb show_pagination=\u00a0\u00bbon\u00a0\u00bb auto=\u00a0\u00bbon\u00a0\u00bb parallax=\u00a0\u00bboff\u00a0\u00bb parallax_method=\u00a0\u00bboff\u00a0\u00bb auto_ignore_hover=\u00a0\u00bboff\u00a0\u00bb remove_inner_shadow=\u00a0\u00bboff\u00a0\u00bb background_position=\u00a0\u00bbdefault\u00a0\u00bb background_size=\u00a0\u00bbdefault\u00a0\u00bb hide_content_on_mobile=\u00a0\u00bboff\u00a0\u00bb hide_cta_on_mobile=\u00a0\u00bboff\u00a0\u00bb show_image_video_mobile=\u00a0\u00bboff\u00a0\u00bb custom_button=\u00a0\u00bboff\u00a0\u00bb button_letter_spacing=\u00a0\u00bb0&Prime; button_use_icon=\u00a0\u00bbdefault\u00a0\u00bb button_icon_placement=\u00a0\u00bbright\u00a0\u00bb button_on_hover=\u00a0\u00bbon\u00a0\u00bb button_letter_spacing_hover=\u00a0\u00bb0&Prime;] [et_pb_slide heading=\u00a0\u00bbBienvenue\u00a0\u00bb background_color=\u00a0\u00bb#bc1c32&Prime; image=\u00a0\u00bbhttps:\/\/ciescanada.ca\/wp-content\/uploads\/2016\/11\/writing-828911_640.jpg\u00a0\u00bb alignment=\u00a0\u00bbcenter\u00a0\u00bb background_layout=\u00a0\u00bbdark\u00a0\u00bb allow_player_pause=\u00a0\u00bboff\u00a0\u00bb background_position=\u00a0\u00bbdefault\u00a0\u00bb background_size=\u00a0\u00bbdefault\u00a0\u00bb use_bg_overlay=\u00a0\u00bboff\u00a0\u00bb use_text_overlay=\u00a0\u00bboff\u00a0\u00bb text_border_radius=\u00a0\u00bb3&Prime; header_font_select=\u00a0\u00bbdefault\u00a0\u00bb header_font=\u00a0\u00bb||||\u00a0\u00bb body_font_select=\u00a0\u00bbdefault\u00a0\u00bb body_font=\u00a0\u00bb||||\u00a0\u00bb custom_button=\u00a0\u00bboff\u00a0\u00bb button_font_select=\u00a0\u00bbdefault\u00a0\u00bb button_font=\u00a0\u00bb||||\u00a0\u00bb button_use_icon=\u00a0\u00bbdefault\u00a0\u00bb button_icon_placement=\u00a0\u00bbright\u00a0\u00bb button_on_hover=\u00a0\u00bbon\u00a0\u00bb]<\/p>\n<p>Notre objectif est de promouvoir les \u00e9tudes comparatives et internationales en mati\u00e8re d&rsquo;\u00e9ducation au Canada.<\/p>\n<p>[\/et_pb_slide][et_pb_slide heading=\u00a0\u00bbRecherche\u00a0\u00bb background_color=\u00a0\u00bb#bc1c32&Prime; image=\u00a0\u00bbhttps:\/\/ciescanada.ca\/wp-content\/uploads\/2015\/05\/birthday-91817_640.jpg\u00a0\u00bb alignment=\u00a0\u00bbcenter\u00a0\u00bb background_layout=\u00a0\u00bbdark\u00a0\u00bb allow_player_pause=\u00a0\u00bboff\u00a0\u00bb background_position=\u00a0\u00bbdefault\u00a0\u00bb background_size=\u00a0\u00bbdefault\u00a0\u00bb use_bg_overlay=\u00a0\u00bboff\u00a0\u00bb use_text_overlay=\u00a0\u00bboff\u00a0\u00bb text_border_radius=\u00a0\u00bb3&Prime; header_font_select=\u00a0\u00bbdefault\u00a0\u00bb header_font=\u00a0\u00bb||||\u00a0\u00bb body_font_select=\u00a0\u00bbdefault\u00a0\u00bb body_font=\u00a0\u00bb||||\u00a0\u00bb custom_button=\u00a0\u00bboff\u00a0\u00bb button_font_select=\u00a0\u00bbdefault\u00a0\u00bb button_font=\u00a0\u00bb||||\u00a0\u00bb button_use_icon=\u00a0\u00bbdefault\u00a0\u00bb button_icon_placement=\u00a0\u00bbright\u00a0\u00bb button_on_hover=\u00a0\u00bbon\u00a0\u00bb]<\/p>\n<p>Stimuler la recherche. Faciliter la publication et la diffusion d&rsquo;\u00e9tudes comparatives en mati\u00e8re d&rsquo;\u00e9ducation.<\/p>\n<p>[\/et_pb_slide] [\/et_pb_fullwidth_slider][\/et_pb_section][et_pb_section admin_label=\u00a0\u00bbsection\u00a0\u00bb transparent_background=\u00a0\u00bboff\u00a0\u00bb background_color=\u00a0\u00bb#f7f7f7&Prime; allow_player_pause=\u00a0\u00bboff\u00a0\u00bb inner_shadow=\u00a0\u00bboff\u00a0\u00bb parallax=\u00a0\u00bboff\u00a0\u00bb parallax_method=\u00a0\u00bboff\u00a0\u00bb][et_pb_row admin_label=\u00a0\u00bbrow\u00a0\u00bb][et_pb_column type=\u00a0\u00bb1_3&Prime;][et_pb_text admin_label=\u00a0\u00bbText\u00a0\u00bb background_layout=\u00a0\u00bblight\u00a0\u00bb text_orientation=\u00a0\u00bbleft\u00a0\u00bb use_border_color=\u00a0\u00bboff\u00a0\u00bb border_color=\u00a0\u00bb#ffffff\u00a0\u00bb border_style=\u00a0\u00bbsolid\u00a0\u00bb]<\/p>\n<h1>Bienvenue \u00e0 la Soci\u00e9t\u00e9 Canadienne d\u2019\u00c9ducation Compar\u00e9e et Internationale!<\/h1>\n<p>Notre objectif est de promouvoir les \u00e9tudes comparatives et internationales en mati\u00e8re d&rsquo;\u00e9ducation canadienne et internationale, mais nous faisons partie d&rsquo;une soci\u00e9t\u00e9 internationale encore plus importante qui vise \u00e0 relier tous les types d&rsquo;enseignement par l&rsquo;interm\u00e9diaire d&rsquo;un groupe cibl\u00e9.<\/p>\n<p>Vous pouvez consulter notre constitution, en savoir <a title=\"\u00c0 Propos\" href=\"https:\/\/ciescanada.ca\/fr\/a-propos\/\">plus sur nous<\/a> ou sur notre histoire, ou voir nos membres ex\u00e9cutifs.<\/p>\n<p>Nous avons \u00e9galement une s\u00e9rie de <a title=\"Prix et Subventions\" href=\"https:\/\/ciescanada.ca\/fr\/prix-et-subventions\/\">prix et subventions<\/a>\u00a0offerts aux membres. Si vous souhaitez <a href=\"http:\/\/www.csse-scee.ca\/membership\/\">devenir membre<\/a>, vous pouvez consulter les\u00a0<a title=\"Adh\u00e9sion\" href=\"https:\/\/ciescanada.ca\/fr\/adhesion\/\">informations sur l&rsquo;adh\u00e9sion<\/a>.<\/p>\n<p>D&rsquo;autres publications int\u00e9ressantes comprennent notre bulletin, ainsi que le j<a href=\"http:\/\/ir.lib.uwo.ca\/cie-eci\/\">ournal CIE.<\/a><\/p>\n<p>Si vous avez des questions, n&rsquo;h\u00e9sitez pas \u00e0 <a title=\"Contact\" href=\"https:\/\/ciescanada.ca\/fr\/contact\/\">nous contacter<\/a>!<\/p>\n<p>[\/et_pb_text][\/et_pb_column][et_pb_column type=\u00a0\u00bb2_3&Prime;][et_pb_blog admin_label=\u00a0\u00bbBlog\u00a0\u00bb fullwidth=\u00a0\u00bboff\u00a0\u00bb posts_number=\u00a0\u00bb2&Prime; meta_date=\u00a0\u00bbM j, Y\u00a0\u00bb show_thumbnail=\u00a0\u00bbon\u00a0\u00bb show_content=\u00a0\u00bboff\u00a0\u00bb show_more=\u00a0\u00bbon\u00a0\u00bb show_author=\u00a0\u00bbon\u00a0\u00bb show_date=\u00a0\u00bbon\u00a0\u00bb show_categories=\u00a0\u00bbon\u00a0\u00bb show_pagination=\u00a0\u00bbon\u00a0\u00bb offset_number=\u00a0\u00bb0&Prime; background_layout=\u00a0\u00bblight\u00a0\u00bb include_categories=\u00a0\u00bb22,25,24,2,23&Prime;] [\/et_pb_blog][\/et_pb_column][\/et_pb_row][et_pb_row admin_label=\u00a0\u00bbrow\u00a0\u00bb][et_pb_column type=\u00a0\u00bb1_2&Prime;][et_pb_text admin_label=\u00a0\u00bbCIESC-SCECI est une association de\u00a0\u00bb background_layout=\u00a0\u00bblight\u00a0\u00bb text_orientation=\u00a0\u00bbcenter\u00a0\u00bb use_border_color=\u00a0\u00bboff\u00a0\u00bb border_color=\u00a0\u00bb#ffffff\u00a0\u00bb border_style=\u00a0\u00bbsolid\u00a0\u00bb]<\/p>\n<h2 style=\"text-align: center;\">CIESC-SCECI est une association de<\/h2>\n<p><a href=\"http:\/\/www.csse-scee.ca\"><img loading=\"lazy\" decoding=\"async\" class=\" wp-image-574 size-full aligncenter\" style=\"margin-top: 13px;\" src=\"https:\/\/ciescanada.ca\/wp-content\/uploads\/2015\/05\/CSSE-SCEE.png\" alt=\"\" width=\"663\" height=\"103\" srcset=\"https:\/\/ciescanada.ca\/wp-content\/uploads\/2015\/05\/CSSE-SCEE.png 663w, https:\/\/ciescanada.ca\/wp-content\/uploads\/2015\/05\/CSSE-SCEE-300x47.png 300w\" sizes=\"(max-width: 663px) 100vw, 663px\" \/><\/a><\/p>\n<p>[\/et_pb_text][\/et_pb_column][et_pb_column type=\u00a0\u00bb1_2&Prime;][et_pb_text admin_label=\u00a0\u00bbCIESC-SCECI est un membre de\u00a0\u00bb background_layout=\u00a0\u00bblight\u00a0\u00bb text_orientation=\u00a0\u00bbcenter\u00a0\u00bb use_border_color=\u00a0\u00bboff\u00a0\u00bb border_color=\u00a0\u00bb#ffffff\u00a0\u00bb border_style=\u00a0\u00bbsolid\u00a0\u00bb]<\/p>\n<h2 style=\"text-align: center;\">CIESC-SCECI\u00a0est un membre de<\/h2>\n<h2><a href=\"http:\/\/www.wcces2016.org\"><img loading=\"lazy\" decoding=\"async\" class=\" wp-image-572 size-full aligncenter\" src=\"https:\/\/ciescanada.ca\/wp-content\/uploads\/2015\/05\/wcces.png\" alt=\"\" width=\"607\" height=\"114\" srcset=\"https:\/\/ciescanada.ca\/wp-content\/uploads\/2015\/05\/wcces.png 607w, https:\/\/ciescanada.ca\/wp-content\/uploads\/2015\/05\/wcces-300x56.png 300w\" sizes=\"(max-width: 607px) 100vw, 607px\" \/><\/a><\/h2>\n<p>[\/et_pb_text][\/et_pb_column][\/et_pb_row][\/et_pb_section]<\/p>\n","protected":false},"excerpt":{"rendered":"<p>Notre objectif est de promouvoir les \u00e9tudes comparatives et internationales en mati\u00e8re d&rsquo;\u00e9ducation au Canada. Stimuler la recherche. Faciliter la publication et la diffusion d&rsquo;\u00e9tudes comparatives en mati\u00e8re d&rsquo;\u00e9ducation. Bienvenue \u00e0 la Soci\u00e9t\u00e9 Canadienne d\u2019\u00c9ducation Compar\u00e9e et Internationale! Notre objectif est de promouvoir les \u00e9tudes comparatives et internationales en mati\u00e8re d&rsquo;\u00e9ducation canadienne et internationale, mais [&hellip;]<\/p>\n","protected":false},"author":2,"featured_media":0,"parent":0,"menu_order":10,"comment_status":"closed","ping_status":"closed","template":"","meta":{"_et_pb_use_builder":"on","_et_pb_old_content":"<h2>Welcome to the Comparative and International Education Society of Canada!<\/h2><p>Our goal is to promote comparative and international studies in Canadian education, but we are part of an even larger international society that seeks to link all types of education through a focused group.<\/p><p>You can look at <a href=\"https:\/\/ciescanada.ca\/wp-content\/uploads\/2015\/02\/CIESC-Constitution-Eng.pdf\">our constitution<\/a>, read more <a title=\"About\" href=\"https:\/\/ciescanada.ca\/about\/\">about us<\/a> or about <a href=\"https:\/\/ciescanada.ca\/wp-content\/uploads\/2015\/03\/CIESC-History-of-CIESC.pdf\">our history<\/a>, or see our <a title=\"Executive\" href=\"https:\/\/ciescanada.ca\/executive\/\">executive members<\/a>.<\/p><p>We also have a series of <a title=\"Awards & Grants\" href=\"https:\/\/ciescanada.ca\/awards-grants\/\">awards and grants<\/a> available to members. If you would like to <a href=\"http:\/\/www.csse-scee.ca\/membership\/\">become a member<\/a>, please look at the <a title=\"Membership\" href=\"https:\/\/ciescanada.ca\/membership\/\">information about membership<\/a>.<\/p><p>Other interesting publications include <a title=\"Newsletter\" href=\"https:\/\/ciescanada.ca\/newsletter\/\">our newsletter<\/a>, as well as the <a href=\"http:\/\/ir.lib.uwo.ca\/cie-eci\/\">CIE Journal<\/a>.<\/p><p>Should you have questions, feel free to <a title=\"Contact\" href=\"https:\/\/ciescanada.ca\/contact\/\">contact us<\/a>!<\/p><p>\u00a0<\/p>","_et_gb_content_width":"","footnotes":""},"class_list":["post-447","page","type-page","status-publish","hentry"],"_links":{"self":[{"href":"https:\/\/ciescanada.ca\/fr\/wp-json\/wp\/v2\/pages\/447","targetHints":{"allow":["GET"]}}],"collection":[{"href":"https:\/\/ciescanada.ca\/fr\/wp-json\/wp\/v2\/pages"}],"about":[{"href":"https:\/\/ciescanada.ca\/fr\/wp-json\/wp\/v2\/types\/page"}],"author":[{"embeddable":true,"href":"https:\/\/ciescanada.ca\/fr\/wp-json\/wp\/v2\/users\/2"}],"replies":[{"embeddable":true,"href":"https:\/\/ciescanada.ca\/fr\/wp-json\/wp\/v2\/comments?post=447"}],"version-history":[{"count":10,"href":"https:\/\/ciescanada.ca\/fr\/wp-json\/wp\/v2\/pages\/447\/revisions"}],"predecessor-version":[{"id":1735,"href":"https:\/\/ciescanada.ca\/fr\/wp-json\/wp\/v2\/pages\/447\/revisions\/1735"}],"wp:attachment":[{"href":"https:\/\/ciescanada.ca\/fr\/wp-json\/wp\/v2\/media?parent=447"}],"curies":[{"name":"wp","href":"https:\/\/api.w.org\/{rel}","templated":true}]}}