{"id":490,"date":"2015-05-26T14:15:14","date_gmt":"2015-05-26T18:15:14","guid":{"rendered":"https:\/\/ciescanada.ca\/?page_id=490"},"modified":"2020-02-25T15:11:02","modified_gmt":"2020-02-25T20:11:02","slug":"a-propos","status":"publish","type":"page","link":"https:\/\/ciescanada.ca\/fr\/a-propos\/","title":{"rendered":"\u00c0 propos"},"content":{"rendered":"<p>[et_pb_section fb_built=\u00a0\u00bb1&Prime; admin_label=\u00a0\u00bbsection\u00a0\u00bb _builder_version=\u00a0\u00bb4.0.11&Prime; hover_enabled=\u00a0\u00bb0&Prime; background_color=\u00a0\u00bb#ffffff\u00a0\u00bb][et_pb_row admin_label=\u00a0\u00bbrow\u00a0\u00bb _builder_version=\u00a0\u00bb3.25&Prime; background_size=\u00a0\u00bbinitial\u00a0\u00bb background_position=\u00a0\u00bbtop_left\u00a0\u00bb background_repeat=\u00a0\u00bbrepeat\u00a0\u00bb][et_pb_column type=\u00a0\u00bb4_4&Prime; _builder_version=\u00a0\u00bb3.25&Prime; custom_padding=\u00a0\u00bb|||\u00a0\u00bb custom_padding__hover=\u00a0\u00bb|||\u00a0\u00bb][et_pb_text admin_label=\u00a0\u00bbText\u00a0\u00bb _builder_version=\u00a0\u00bb3.27.4&Prime; background_size=\u00a0\u00bbinitial\u00a0\u00bb background_position=\u00a0\u00bbtop_left\u00a0\u00bb background_repeat=\u00a0\u00bbrepeat\u00a0\u00bb hover_enabled=\u00a0\u00bb0&Prime;]<\/p>\n<h2>Les objectifs de la SCECI sont d&rsquo;encourager et promouvoir les \u00e9tudes comparatives et internationales en mati\u00e8re d\u2019\u00e9ducation canadienne et internationale par:<\/h2>\n<ul>\n<li>la promotion et l&rsquo;am\u00e9lioration de l\u2019enseignement de l\u2019\u00e9ducation compar\u00e9e dans les \u00e9tablissements d\u2019enseignement sup\u00e9rieur<\/li>\n<li>la stimulation de la recherche<\/li>\n<li>faciliter la publication et la diffusion d\u2019\u00e9tudes comparatives en mati\u00e8re d\u2019\u00e9ducation<\/li>\n<li>inviter des professeurs int\u00e9ressants et des enseignants d\u2019autres disciplines dans les dimensions comparatives et internationales de leur travail<\/li>\n<li>encourager les visites par les \u00e9ducateurs pour \u00e9tudier les institutions et les syst\u00e8mes \u00e9ducatifs \u00e0 travers le monde<\/li>\n<li>Coop\u00e9rant avec ceux des autres disciplines qui tentent d\u2019interpr\u00e9ter les d\u00e9veloppements \u00e9ducatifs dans un contexte culturel large<\/li>\n<li>Organiser des r\u00e9unions<\/li>\n<li>Coop\u00e9rer avec les associations d\u2019\u00e9ducation compar\u00e9e et internationales et avec les organismes gouvernementaux et priv\u00e9s, afin d\u2019atteindre des objectifs communs<\/li>\n<li>Coop\u00e9rer avec d\u2019autres soci\u00e9t\u00e9s d\u2019enseignement canadiennes afin d&rsquo;atteindre des objectifs communs.<\/li>\n<\/ul>\n<h2>Jetez un oeil \u00e0 notre:<\/h2>\n<ul>\n<li><a href=\"https:\/\/ciescanada.ca\/wp-content\/uploads\/2015\/05\/CIESC-Constitution-Fr-with-new-logo.pdf\">Constitution<\/a><\/li>\n<li>Histoire (en anglais)<\/li>\n<li><a href=\"https:\/\/ciescanada.ca\/fr\/nouvelles\/\">\u00c9v\u00e9nements<\/a><\/li>\n<li>Bulletin\u00a0(en anglais)<\/li>\n<li><a href=\"https:\/\/ciescanada.ca\/fr\/adhesion\/\">Information sur l\u2019adh\u00e9sion<\/a><\/li>\n<li><a href=\"https:\/\/ciescanada.ca\/fr\/prix-et-subventions\/\">Prix \u200b\u200bet bourses<\/a><\/li>\n<\/ul>\n<p>[\/et_pb_text][\/et_pb_column][\/et_pb_row][\/et_pb_section]<\/p>\n","protected":false},"excerpt":{"rendered":"<p>Les objectifs de la SCECI sont d&rsquo;encourager et promouvoir les \u00e9tudes comparatives et internationales en mati\u00e8re d\u2019\u00e9ducation canadienne et internationale par: la promotion et l&rsquo;am\u00e9lioration de l\u2019enseignement de l\u2019\u00e9ducation compar\u00e9e dans les \u00e9tablissements d\u2019enseignement sup\u00e9rieur la stimulation de la recherche faciliter la publication et la diffusion d\u2019\u00e9tudes comparatives en mati\u00e8re d\u2019\u00e9ducation inviter des professeurs int\u00e9ressants [&hellip;]<\/p>\n","protected":false},"author":2,"featured_media":0,"parent":0,"menu_order":0,"comment_status":"closed","ping_status":"closed","template":"","meta":{"_et_pb_use_builder":"on","_et_pb_old_content":"<h2>The purposes of the Society are to encourage and promote comparative and international studies in Canadian and international education by:<\/h2><ul><li>Promoting and improving the teaching of comparative education in institutions of higher learning<\/li><li>Stimulating research<\/li><li>Facilitating the publication and distribution of comparative studies in education<\/li><li>Interesting professors and teachers of other disciplines in the comparative and international dimensions of their work<\/li><li>Encouraging visits by educators to study educational institutions and systems throughout the world<\/li><li>Co-operating with those in other disciplines who attempt to interpret educational developments in a broad cultural context<\/li><li>Organizing meetings<\/li><li>Co-operating with Comparative and International Education Societies, and with governmental and private agencies in order to<\/li><li>further common objectives<\/li><li>Co-operating with other Canadian educational societies to further common objectives.<\/li><\/ul><h2>Take a look at our:<\/h2><ul><li><a href=\"https:\/\/ciescanada.ca\/wp-content\/uploads\/2019\/06\/CIESC-Constitution-ENG-Dec-2014.pdf\">Constitution<\/a><\/li><li><a href=\"https:\/\/ciescanada.ca\/wp-content\/uploads\/2015\/03\/CIESC-History-of-CIESC.pdf\">History<\/a><\/li><li><a title=\"News\" href=\"https:\/\/ciescanada.ca\/news\/\">Events<\/a><\/li><li><a title=\"Newsletter\" href=\"https:\/\/ciescanada.ca\/newsletter\/\">Newsletter<\/a><\/li><li><a title=\"Membership\" href=\"https:\/\/ciescanada.ca\/membership\/\">Membership Information<\/a><\/li><li><a title=\"Awards & Grants\" href=\"https:\/\/ciescanada.ca\/awards-grants\/\">Awards & Grants<\/a><\/li><\/ul>","_et_gb_content_width":"","footnotes":""},"class_list":["post-490","page","type-page","status-publish","hentry"],"_links":{"self":[{"href":"https:\/\/ciescanada.ca\/fr\/wp-json\/wp\/v2\/pages\/490","targetHints":{"allow":["GET"]}}],"collection":[{"href":"https:\/\/ciescanada.ca\/fr\/wp-json\/wp\/v2\/pages"}],"about":[{"href":"https:\/\/ciescanada.ca\/fr\/wp-json\/wp\/v2\/types\/page"}],"author":[{"embeddable":true,"href":"https:\/\/ciescanada.ca\/fr\/wp-json\/wp\/v2\/users\/2"}],"replies":[{"embeddable":true,"href":"https:\/\/ciescanada.ca\/fr\/wp-json\/wp\/v2\/comments?post=490"}],"version-history":[{"count":4,"href":"https:\/\/ciescanada.ca\/fr\/wp-json\/wp\/v2\/pages\/490\/revisions"}],"predecessor-version":[{"id":1683,"href":"https:\/\/ciescanada.ca\/fr\/wp-json\/wp\/v2\/pages\/490\/revisions\/1683"}],"wp:attachment":[{"href":"https:\/\/ciescanada.ca\/fr\/wp-json\/wp\/v2\/media?parent=490"}],"curies":[{"name":"wp","href":"https:\/\/api.w.org\/{rel}","templated":true}]}}